{"id":4673,"date":"2023-11-01T17:12:22","date_gmt":"2023-11-01T17:12:22","guid":{"rendered":"https:\/\/www.lisbonbestapartments.com\/what-to-do-in-lisbon\/"},"modified":"2024-05-02T12:40:26","modified_gmt":"2024-05-02T12:40:26","slug":"que-hacer-en-lisboa","status":"publish","type":"page","link":"https:\/\/www.lisbonbestapartments.com\/es\/que-hacer-en-lisboa\/","title":{"rendered":"Qu\u00e9 hacer en Lisboa"},"content":{"rendered":"<!--themify_builder_content-->\n<div id=\"themify_builder_content-4673\" data-postid=\"4673\" class=\"themify_builder_content themify_builder_content-4673 themify_builder tf_clear\">\n    \t\t\t\t<!-- module_row -->\n\t\t<div  data-css_id=\"jydp382\" data-lazy=\"1\" class=\"module_row themify_builder_row wraphome1 fullheight fullwidth tb_jydp382 tb_first tf_w tf_clearfix\" data-tbfullwidthvideo=\"https:\/\/s3-s135004.datastore.pt:9004\/lbafiles\/LBA-WHAT-TO-DO-IN-LISBON-HIGH-RES.mp4\" data-playonmobile=\"play\">\n\t\t<div class=\"builder_row_cover tf_abs\"><\/div>\t\t\t<div class=\"row_inner col_align_top tb_col_count_1 tf_box tf_rel\">\n\t\t\t\t\t<div  data-lazy=\"1\" class=\"module_column tb-column col-full tb_o3tc382 first\">\n\t\t\t\t\t\t\t\t\t<div class=\"tb-column-inner tf_box tf_w\">\n\t\t\t\t<!-- module text -->\n<div  class=\"module module-text tb_lygi954 genlink  \" data-lazy=\"1\">\n        <div  class=\"tb_text_wrap\">\n    <h1>Qu\u00e9 hacer en Lisboa<\/h1>\n<p>Lisbon Best Apartments te desea un viaje inolvidable en esta fant\u00e1stica ciudad.<\/p>\n<p><a href=\"#findmore\">Descubre m\u00e1s<\/a><\/p>\n    <\/div>\n<\/div>\n<!-- \/module text -->\t\t\t\t<\/div><!-- .tb-column-inner -->\n\t\t\t\t\t\t<\/div><!-- .module_column -->\n\t\t\t\t\t\t<\/div><!-- .row_inner -->\n\t\t<\/div><!-- .module_row -->\n\t\t\t\t\t\t\t\t<!-- module_row -->\n\t\t<div  data-lazy=\"1\" class=\"module_row themify_builder_row wrapboxsingle tb_lrc879 tf_w tf_clearfix\">\n\t\t\t\t\t<div class=\"row_inner col_align_top tb_col_count_1 tf_box tf_rel\">\n\t\t\t\t\t<div  data-lazy=\"1\" class=\"module_column tb-column col-full tb_ofij79 first\">\n\t\t\t\t\t\t\t\t\t<div class=\"tb-column-inner tf_box tf_w\">\n\t\t\t\t<!-- module plain text -->\n<div  class=\"module module-plain-text tb_ndxd79 wrapallbookings\" data-lazy=\"1\">\n        <div class=\"tb_text_wrap\">\n\t<div id=\"wrapallbookingsboxsingle\">\n<div class=\"wrapallbookingssearch\">\n<\/div>\n<\/div>\n<div class=\"tb_layout_part_wrap tf_w\"><!--themify_builder_content-->\n    <div  class=\"themify_builder_content themify_builder_content-4636 themify_builder not_editable_builder in_the_loop\" data-postid=\"4636\">\n        \t\t\t\t<!-- module_row -->\n\t\t<div  data-lazy=\"1\" class=\"module_row themify_builder_row tb_jhdk482 tf_w tf_clearfix\">\n\t\t\t\t\t<div class=\"row_inner col_align_top tb_col_count_1 tf_box tf_rel\">\n\t\t\t\t\t<div  data-lazy=\"1\" class=\"module_column tb-column col-full tb_h97y482 first\">\n\t\t\t\t\t\t\t\t\t<div class=\"tb-column-inner tf_box tf_w\">\n\t\t\t\t<!-- module plain text -->\n<div  class=\"module module-plain-text tb_420l922 wrapallbookings\" data-lazy=\"1\">\n        <div class=\"tb_text_wrap\">\n\t<div class=\"wrapmainbookings\">\n<div class=\"allwrapmainbookings\">\n<form action=\"https:\/\/secure.guestcentric.net\/api\/bg\/book.php\" target=\"_blank\" method=\"get\" accept-charset=\"utf-8\">\n<a class=\"close-form\">close<\/a>\n<div id=\"barLabel\" class=\"bar\"><\/div>\n<div class=\"hotels selection\">\n<select id=\"apikey\" name=\"apikey\" class=\"hotelSelection\" aria-label=\"hotelSelection\">\n<option id=\"choose\" name=\"choose\" value=\"\">Elija una de las propiedades<\/option>\n<option id=\"option1\" name=\"Chiado Trindade\" value=\"\">Chiado Trindade<\/option>\n<option id=\"option3\" name=\"Chiado Mercy\" value=\"\">Chiado Mercy<\/option>\n<option id=\"option4\" name=\"Chiado Square\" value=\"\">Chiado Square<\/option>\n<option id=\"option5\" name=\"Chiado Cam\u00f5es\" value=\"\">Chiado Cam\u00f5es<\/option>\n<option id=\"option6\" name=\"Marques Best\" value=\"\">Marques Best<\/option>\n<\/select>\n<div id=\"errorMsg\"><\/div>\n<\/div>\n\n<div class=\"line line1\">\n<div class=\"date selection arrival\">\n<input type=\"text\" id=\"startDay\" name=\"startDay\" class=\"datep\" placeholder=\"Entrada\" autocomplete=\"off\" \/>\n<\/div>\n\n<div class=\"date selection departure\">\n<input type=\"text\" id=\"endDay\" name=\"endDay\" class=\"datep\" placeholder=\"Salida\" autocomplete=\"off\" \/>\n<\/div>\n<\/div>\n\n<div class=\"line line2\">\n<div class=\"adults selection col3\">\n<select id=\"numberAldultsLabel\" name=\"nrAdults\" class=\"adultsSelection\" aria-label=\"adultsSelection\">\n<option value=\"\" selected>Hu\u00e9spedes &gt; 3 a\u00f1os<\/option>\n<option value=\"1\">1<\/option>\n<option value=\"2\">2<\/option>\n<option value=\"3\">3<\/option>\n<option value=\"4\">4<\/option>\n<\/select>\n<\/div>\n<div class=\"children selection col3\">\n<select id=\"numberChildrenLabel\" name=\"nrChildren\" class=\"childrenSelection\" aria-label=\"childrenSelection\">\n<option value=\"\" selected>Beb\u00e9s &lt; 3 a\u00f1os<\/option>\n<option value=\"0\">0<\/option>\n<option value=\"1\">1<\/option>\n<option value=\"2\">2<\/option>\n<\/select>\n<\/div>\n<div class=\"rooms selection col3\">\n<select id=\"amountSelection\" name=\"nrAmount\" class=\"amountSelection\" aria-label=\"amountSelection\">\n<option value=\"\" selected>N\u00ba.habitaciones<\/option>\n<option value=\"1\">1<\/option>\n<\/select>\n<\/div>\n<\/div>\n<input type=\"hidden\" name=\"nrNights\" id=\"num_nights\">\n<div class=\"book\"><button id=\"checkAvailability\"><\/button><\/div>\n<\/form>\n<\/div>\n<\/div>    <\/div>\n<\/div>\n<!-- \/module plain text -->\t\t\t\t<\/div><!-- .tb-column-inner -->\n\t\t\t\t\t\t<\/div><!-- .module_column -->\n\t\t\t\t\t\t<\/div><!-- .row_inner -->\n\t\t<\/div><!-- .module_row -->\n\t\t\t\t    <\/div>\n<!--\/themify_builder_content--><\/div>\n    <\/div>\n<\/div>\n<!-- \/module plain text -->\t\t\t\t<\/div><!-- .tb-column-inner -->\n\t\t\t\t\t\t<\/div><!-- .module_column -->\n\t\t\t\t\t\t<\/div><!-- .row_inner -->\n\t\t<\/div><!-- .module_row -->\n\t\t\t\t\t\t\t\t<!-- module_row -->\n\t\t<div  data-anchor=\"findmore\" data-hide-anchor=\"1\" data-lazy=\"1\" class=\"module_row themify_builder_row wraphome2 tb_has_section tb_section-findmore tb_cs3i746 tf_w tf_clearfix\">\n\t\t\t\t\t<div class=\"row_inner col_align_top tb_col_count_1 tf_box tf_rel\">\n\t\t\t\t\t<div  data-lazy=\"1\" class=\"module_column tb-column col-full tb_wpds746 first\">\n\t\t\t\t\t\t\t\t\t<div class=\"tb-column-inner tf_box tf_w\">\n\t\t\t\t<!-- module text -->\n<div  class=\"module module-text tb_pdzr277 genisformat   wow\" data-tf-animation=\"fadeInDown\" data-lazy=\"1\">\n        <div  class=\"tb_text_wrap\">\n    <h2>Explorar<\/h2>\n<h3>Discubra la ciudad<\/h3>\n<p>Vivir la vida al m\u00e1ximo en Lisboa.<\/p>\n    <\/div>\n<\/div>\n<!-- \/module text -->\t\t\t\t<\/div><!-- .tb-column-inner -->\n\t\t\t\t\t\t<\/div><!-- .module_column -->\n\t\t\t\t\t\t<\/div><!-- .row_inner -->\n\t\t<\/div><!-- .module_row -->\n\t\t\t\t\t\t\t\t<!-- module_row -->\n\t\t<div  data-lazy=\"1\" class=\"module_row themify_builder_row tb_qd0d767 tf_w tf_clearfix\">\n\t\t\t\t\t<div class=\"row_inner col_align_middle gutter-none tb_col_count_2 tf_box tf_rel\">\n\t\t\t\t\t<div  data-lazy=\"1\" class=\"module_column tb-column col4-2 tb_hp5r767 iswhatto hasnoimg first\">\n\t\t\t\t\t\t\t\t\t<div class=\"tb-column-inner tf_box tf_w\">\n\t\t\t\t<!-- module image -->\n<div  class=\"module module-image tb_254w563   image-top tf_mw hide-desktop hide-tablet_landscape\" data-lazy=\"1\">\n        <div class=\"image-wrap tf_rel tf_mw\">\n\t\t    <img decoding=\"async\" src=\"https:\/\/s3-s135004.datastore.pt:9004\/lbafiles\/LBA-WHAT-TO-DO-IN-LISBON-1-GASTRONOMY.jpg\" title=\"Qu\u00e9 hacer en Lisboa\" alt=\"Qu\u00e9 hacer en Lisboa\">\t\n\t\t<\/div>\n\t<!-- \/image-wrap -->\n    \n    \t<\/div>\n<!-- \/module image -->\t\t\t\t<\/div><!-- .tb-column-inner -->\n\t\t\t\t\t\t<\/div><!-- .module_column -->\n\t\t\t\t\t<div  data-lazy=\"1\" class=\"module_column tb-column col4-2 tb_xqod767 last\">\n\t\t\t\t\t\t\t\t\t<div class=\"tb-column-inner tf_box tf_w\">\n\t\t\t\t<!-- module text -->\n<div  class=\"module module-text tb_hisi767 genisformat whatptxt   wow\" data-tf-animation=\"fadeInUp\" data-lazy=\"1\">\n        <div  class=\"tb_text_wrap\">\n    <h3>Gastronom\u00eda<\/h3><p>Explora la gastronom\u00eda de Lisboa,<br \/>que va desde la m\u00e1s t\u00edpica hasta la estrella Michelin.<\/p>    <\/div>\n<\/div>\n<!-- \/module text -->\t\t\t\t<\/div><!-- .tb-column-inner -->\n\t\t\t\t\t\t<\/div><!-- .module_column -->\n\t\t\t\t\t\t<\/div><!-- .row_inner -->\n\t\t<\/div><!-- .module_row -->\n\t\t\t\t\t\t\t\t<!-- module_row -->\n\t\t<div  data-lazy=\"1\" class=\"module_row themify_builder_row tb_o1l6224 tf_w tf_clearfix\">\n\t\t\t\t\t<div class=\"row_inner col_align_middle gutter-none tb_col_count_2 tf_box tf_rel\">\n\t\t\t\t\t<div  data-lazy=\"1\" class=\"module_column tb-column col4-2 tb_lfjn224 first\">\n\t\t\t\t\t\t\t\t\t<div class=\"tb-column-inner tf_box tf_w\">\n\t\t\t\t<!-- module text -->\n<div  class=\"module module-text tb_n2cj224 genisformat whatptxt   wow\" data-tf-animation=\"fadeInUp\" data-lazy=\"1\">\n        <div  class=\"tb_text_wrap\">\n    <h3>Cultura<\/h3><p>Lisboa ofrece entre sus 7 colinas los m\u00e1s variados atractivos.<\/p>    <\/div>\n<\/div>\n<!-- \/module text -->\t\t\t\t<\/div><!-- .tb-column-inner -->\n\t\t\t\t\t\t<\/div><!-- .module_column -->\n\t\t\t\t\t<div  data-lazy=\"1\" class=\"module_column tb-column col4-2 tb_4j1z224 iswhatto hasnoimg last\">\n\t\t\t\t\t\t\t\t\t<div class=\"tb-column-inner tf_box tf_w\">\n\t\t\t\t<!-- module image -->\n<div  class=\"module module-image tb_ac85841   image-top tf_mw hide-desktop hide-tablet_landscape\" data-lazy=\"1\">\n        <div class=\"image-wrap tf_rel tf_mw\">\n\t\t    <img decoding=\"async\" src=\"https:\/\/s3-s135004.datastore.pt:9004\/lbafiles\/LBA-WHAT-TO-DO-IN-LISBON-2-CULTURE.jpg\" title=\"Qu\u00e9 hacer en Lisboa\" alt=\"Qu\u00e9 hacer en Lisboa\">\t\n\t\t<\/div>\n\t<!-- \/image-wrap -->\n    \n    \t<\/div>\n<!-- \/module image -->\t\t\t\t<\/div><!-- .tb-column-inner -->\n\t\t\t\t\t\t<\/div><!-- .module_column -->\n\t\t\t\t\t\t<\/div><!-- .row_inner -->\n\t\t<\/div><!-- .module_row -->\n\t\t\t\t\t\t\t\t<!-- module_row -->\n\t\t<div  data-lazy=\"1\" class=\"module_row themify_builder_row tb_15t5617 tf_w tf_clearfix\">\n\t\t\t\t\t<div class=\"row_inner col_align_middle gutter-none tb_col_count_2 tf_box tf_rel\">\n\t\t\t\t\t<div  data-lazy=\"1\" class=\"module_column tb-column col4-2 tb_w82f617 iswhatto hasnoimg first\">\n\t\t\t\t\t\t\t\t\t<div class=\"tb-column-inner tf_box tf_w\">\n\t\t\t\t<!-- module image -->\n<div  class=\"module module-image tb_ny6r640   image-top tf_mw hide-desktop hide-tablet_landscape\" data-lazy=\"1\">\n        <div class=\"image-wrap tf_rel tf_mw\">\n\t\t    <img decoding=\"async\" src=\"https:\/\/s3-s135004.datastore.pt:9004\/lbafiles\/LBA-WHAT-TO-DO-IN-LISBON-3-FADO.jpg\" title=\"Qu\u00e9 hacer en Lisboa\" alt=\"Qu\u00e9 hacer en Lisboa\">\t\n\t\t<\/div>\n\t<!-- \/image-wrap -->\n    \n    \t<\/div>\n<!-- \/module image -->\t\t\t\t<\/div><!-- .tb-column-inner -->\n\t\t\t\t\t\t<\/div><!-- .module_column -->\n\t\t\t\t\t<div  data-lazy=\"1\" class=\"module_column tb-column col4-2 tb_dzkn527 last\">\n\t\t\t\t\t\t\t\t\t<div class=\"tb-column-inner tf_box tf_w\">\n\t\t\t\t<!-- module text -->\n<div  class=\"module module-text tb_plin487 genisformat whatptxt   wow\" data-tf-animation=\"fadeInUp\" data-lazy=\"1\">\n        <div  class=\"tb_text_wrap\">\n    <h3>FADO<\/h3><p>Encuentra el alma portuguesa en los barrios m\u00e1s tradicionales de Lisboa.<\/p>    <\/div>\n<\/div>\n<!-- \/module text -->\t\t\t\t<\/div><!-- .tb-column-inner -->\n\t\t\t\t\t\t<\/div><!-- .module_column -->\n\t\t\t\t\t\t<\/div><!-- .row_inner -->\n\t\t<\/div><!-- .module_row -->\n\t\t\t\t\t\t\t\t<!-- module_row -->\n\t\t<div  data-lazy=\"1\" class=\"module_row themify_builder_row tb_pfw0527 tf_w tf_clearfix\">\n\t\t\t\t\t<div class=\"row_inner col_align_middle gutter-none tb_col_count_2 tf_box tf_rel\">\n\t\t\t\t\t<div  data-lazy=\"1\" class=\"module_column tb-column col4-2 tb_9na7528 first\">\n\t\t\t\t\t\t\t\t\t<div class=\"tb-column-inner tf_box tf_w\">\n\t\t\t\t<!-- module text -->\n<div  class=\"module module-text tb_xrah528 genisformat whatptxt   wow\" data-tf-animation=\"fadeInUp\" data-lazy=\"1\">\n        <div  class=\"tb_text_wrap\">\n    <h3>TUK-TUK<\/h3><p>Experimente viajes inolvidables por las peque\u00f1as calles hist\u00f3ricas de Lisboa.<\/p>    <\/div>\n<\/div>\n<!-- \/module text -->\t\t\t\t<\/div><!-- .tb-column-inner -->\n\t\t\t\t\t\t<\/div><!-- .module_column -->\n\t\t\t\t\t<div  data-lazy=\"1\" class=\"module_column tb-column col4-2 tb_miq4528 iswhatto hasnoimg last\">\n\t\t\t\t\t\t\t\t\t<div class=\"tb-column-inner tf_box tf_w\">\n\t\t\t\t<!-- module image -->\n<div  class=\"module module-image tb_zdmq720   image-top tf_mw hide-desktop hide-tablet_landscape\" data-lazy=\"1\">\n        <div class=\"image-wrap tf_rel tf_mw\">\n\t\t    <img loading=\"lazy\" decoding=\"async\" width=\"1260\" height=\"760\" src=\"https:\/\/www.lisbonbestapartments.com\/wp-content\/uploads\/2023\/12\/LBA-WHAT-TO-DO-IN-LISBON-TUK-TUK.jpg\" class=\"wp-post-image wp-image-5285\" title=\"LBA-WHAT-TO-DO-IN-LISBON-TUK-TUK\" alt=\"LBA-WHAT-TO-DO-IN-LISBON-TUK-TUK\" srcset=\"https:\/\/www.lisbonbestapartments.com\/wp-content\/uploads\/2023\/12\/LBA-WHAT-TO-DO-IN-LISBON-TUK-TUK.jpg 1260w, https:\/\/www.lisbonbestapartments.com\/wp-content\/uploads\/2023\/12\/LBA-WHAT-TO-DO-IN-LISBON-TUK-TUK-300x181.jpg 300w, https:\/\/www.lisbonbestapartments.com\/wp-content\/uploads\/2023\/12\/LBA-WHAT-TO-DO-IN-LISBON-TUK-TUK-1024x618.jpg 1024w, https:\/\/www.lisbonbestapartments.com\/wp-content\/uploads\/2023\/12\/LBA-WHAT-TO-DO-IN-LISBON-TUK-TUK-768x463.jpg 768w\" sizes=\"auto, (max-width: 1260px) 100vw, 1260px\" \/>\t\n\t\t<\/div>\n\t<!-- \/image-wrap -->\n    \n    \t<\/div>\n<!-- \/module image -->\t\t\t\t<\/div><!-- .tb-column-inner -->\n\t\t\t\t\t\t<\/div><!-- .module_column -->\n\t\t\t\t\t\t<\/div><!-- .row_inner -->\n\t\t<\/div><!-- .module_row -->\n\t\t\t\t\t\t\t\t<!-- module_row -->\n\t\t<div  data-lazy=\"1\" class=\"module_row themify_builder_row tb_9n33654 tf_w tf_clearfix\">\n\t\t\t\t\t<div class=\"row_inner col_align_middle gutter-none tb_col_count_2 tf_box tf_rel\">\n\t\t\t\t\t<div  data-lazy=\"1\" class=\"module_column tb-column col4-2 tb_anpq654 iswhatto hasnoimg first\">\n\t\t\t\t\t\t\t\t\t<div class=\"tb-column-inner tf_box tf_w\">\n\t\t\t\t<!-- module image -->\n<div  class=\"module module-image tb_utay73   image-top tf_mw hide-desktop hide-tablet_landscape\" data-lazy=\"1\">\n        <div class=\"image-wrap tf_rel tf_mw\">\n\t\t    <img decoding=\"async\" src=\"https:\/\/s3-s135004.datastore.pt:9004\/lbafiles\/LBA-WHAT-TO-DO-IN-LISBON-5-SHOPPING.jpg\" title=\"Qu\u00e9 hacer en Lisboa\" alt=\"Qu\u00e9 hacer en Lisboa\">\t\n\t\t<\/div>\n\t<!-- \/image-wrap -->\n    \n    \t<\/div>\n<!-- \/module image -->\t\t\t\t<\/div><!-- .tb-column-inner -->\n\t\t\t\t\t\t<\/div><!-- .module_column -->\n\t\t\t\t\t<div  data-lazy=\"1\" class=\"module_column tb-column col4-2 tb_3on6654 last\">\n\t\t\t\t\t\t\t\t\t<div class=\"tb-column-inner tf_box tf_w\">\n\t\t\t\t<!-- module text -->\n<div  class=\"module module-text tb_58fr654 genisformat whatptxt   wow\" data-tf-animation=\"fadeInUp\" data-lazy=\"1\">\n        <div  class=\"tb_text_wrap\">\n    <h3>Compras<\/h3><p>Entre Chiado y Avenida da Liberdade, encuentre las \u00faltimas tendencias.<\/p>    <\/div>\n<\/div>\n<!-- \/module text -->\t\t\t\t<\/div><!-- .tb-column-inner -->\n\t\t\t\t\t\t<\/div><!-- .module_column -->\n\t\t\t\t\t\t<\/div><!-- .row_inner -->\n\t\t<\/div><!-- .module_row -->\n\t\t\t\t\t\t\t\t<!-- module_row -->\n\t\t<div  data-lazy=\"1\" class=\"module_row themify_builder_row iseendspace tb_yoza399 tf_w tf_clearfix\">\n\t\t\t\t\t<div class=\"row_inner col_align_top tb_col_count_1 tf_box tf_rel\">\n\t\t\t\t\t<div  data-lazy=\"1\" class=\"module_column tb-column col-full tb_jesr400 first\">\n\t\t\t\t\t\t\t<\/div><!-- .module_column -->\n\t\t\t\t\t\t<\/div><!-- .row_inner -->\n\t\t<\/div><!-- .module_row -->\n\t\t\t\t<\/div>\n<!--\/themify_builder_content-->","protected":false},"excerpt":{"rendered":"<p>Qu\u00e9 hacer en Lisboa Lisbon Best Apartments te desea un viaje inolvidable en esta fant\u00e1stica ciudad. Descubre m\u00e1s Explorar Discubra la ciudad Vivir la vida al m\u00e1ximo en Lisboa. Gastronom\u00eda Explora la gastronom\u00eda de Lisboa,que va desde la m\u00e1s t\u00edpica hasta la estrella Michelin. Cultura Lisboa ofrece entre sus 7 colinas los m\u00e1s variados atractivos. [&hellip;]<\/p>\n","protected":false},"author":1,"featured_media":4236,"parent":0,"menu_order":11,"comment_status":"closed","ping_status":"closed","template":"","meta":{"inline_featured_image":false,"footnotes":""},"class_list":["post-4673","page","type-page","status-publish","has-post-thumbnail","hentry","has-post-title","has-post-date","has-post-category","has-post-tag","has-post-comment","has-post-author",""],"yoast_head":"<title>Qu\u00e9 hacer en Lisboa | Lisbon Best Apartments<\/title>\n<meta name=\"description\" content=\"Lisbon Best Apartments le desea un viaje inolvidable en esta fant\u00e1stica ciudad. Descubra la ciudad viviendo la vida al m\u00e1ximo en Lisboa.\" \/>\n<meta name=\"robots\" content=\"index, follow, max-snippet:-1, max-image-preview:large, max-video-preview:-1\" \/>\n<link rel=\"canonical\" href=\"https:\/\/www.lisbonbestapartments.com\/es\/que-hacer-en-lisboa\/\" \/>\n<meta property=\"og:locale\" content=\"es_ES\" \/>\n<meta property=\"og:type\" content=\"article\" \/>\n<meta property=\"og:title\" content=\"Qu\u00e9 hacer en Lisboa | Lisbon Best Apartments\" \/>\n<meta property=\"og:description\" content=\"Lisbon Best Apartments le desea un viaje inolvidable en esta fant\u00e1stica ciudad. Descubra la ciudad viviendo la vida al m\u00e1ximo en Lisboa.\" \/>\n<meta property=\"og:url\" content=\"https:\/\/www.lisbonbestapartments.com\/es\/que-hacer-en-lisboa\/\" \/>\n<meta property=\"og:site_name\" content=\"LBA\" \/>\n<meta property=\"article:publisher\" content=\"https:\/\/www.facebook.com\/lisbonbestapartments\" \/>\n<meta property=\"article:modified_time\" content=\"2024-05-02T12:40:26+00:00\" \/>\n<meta property=\"og:image\" content=\"https:\/\/www.lisbonbestapartments.com\/wp-content\/uploads\/2023\/11\/lba-chiado-square-1.jpg\" \/>\n\t<meta property=\"og:image:width\" content=\"1711\" \/>\n\t<meta property=\"og:image:height\" content=\"1140\" \/>\n\t<meta property=\"og:image:type\" content=\"image\/jpeg\" \/>\n<meta name=\"twitter:card\" content=\"summary_large_image\" \/>\n<script type=\"application\/ld+json\" class=\"yoast-schema-graph\">{\"@context\":\"https:\/\/schema.org\",\"@graph\":[{\"@type\":\"WebPage\",\"@id\":\"https:\/\/www.lisbonbestapartments.com\/es\/que-hacer-en-lisboa\/\",\"url\":\"https:\/\/www.lisbonbestapartments.com\/es\/que-hacer-en-lisboa\/\",\"name\":\"Qu\u00e9 hacer en Lisboa | Lisbon Best Apartments\",\"isPartOf\":{\"@id\":\"https:\/\/www.lisbonbestapartments.com\/#website\"},\"primaryImageOfPage\":{\"@id\":\"https:\/\/www.lisbonbestapartments.com\/es\/que-hacer-en-lisboa\/#primaryimage\"},\"image\":{\"@id\":\"https:\/\/www.lisbonbestapartments.com\/es\/que-hacer-en-lisboa\/#primaryimage\"},\"thumbnailUrl\":\"https:\/\/www.lisbonbestapartments.com\/wp-content\/uploads\/2023\/11\/lba-chiado-square-1.jpg\",\"datePublished\":\"2023-11-01T17:12:22+00:00\",\"dateModified\":\"2024-05-02T12:40:26+00:00\",\"description\":\"Lisbon Best Apartments le desea un viaje inolvidable en esta fant\u00e1stica ciudad. Descubra la ciudad viviendo la vida al m\u00e1ximo en Lisboa.\",\"breadcrumb\":{\"@id\":\"https:\/\/www.lisbonbestapartments.com\/es\/que-hacer-en-lisboa\/#breadcrumb\"},\"inLanguage\":\"es\",\"potentialAction\":[{\"@type\":\"ReadAction\",\"target\":[\"https:\/\/www.lisbonbestapartments.com\/es\/que-hacer-en-lisboa\/\"]}]},{\"@type\":\"ImageObject\",\"inLanguage\":\"es\",\"@id\":\"https:\/\/www.lisbonbestapartments.com\/es\/que-hacer-en-lisboa\/#primaryimage\",\"url\":\"https:\/\/www.lisbonbestapartments.com\/wp-content\/uploads\/2023\/11\/lba-chiado-square-1.jpg\",\"contentUrl\":\"https:\/\/www.lisbonbestapartments.com\/wp-content\/uploads\/2023\/11\/lba-chiado-square-1.jpg\",\"width\":1711,\"height\":1140},{\"@type\":\"BreadcrumbList\",\"@id\":\"https:\/\/www.lisbonbestapartments.com\/es\/que-hacer-en-lisboa\/#breadcrumb\",\"itemListElement\":[{\"@type\":\"ListItem\",\"position\":1,\"name\":\"Home\",\"item\":\"https:\/\/www.lisbonbestapartments.com\/es\/\"},{\"@type\":\"ListItem\",\"position\":2,\"name\":\"Qu\u00e9 hacer en Lisboa\"}]},{\"@type\":\"WebSite\",\"@id\":\"https:\/\/www.lisbonbestapartments.com\/#website\",\"url\":\"https:\/\/www.lisbonbestapartments.com\/\",\"name\":\"Lisbon Best Apartments\",\"description\":\"LBA\",\"publisher\":{\"@id\":\"https:\/\/www.lisbonbestapartments.com\/#organization\"},\"potentialAction\":[{\"@type\":\"SearchAction\",\"target\":{\"@type\":\"EntryPoint\",\"urlTemplate\":\"https:\/\/www.lisbonbestapartments.com\/?s={search_term_string}\"},\"query-input\":{\"@type\":\"PropertyValueSpecification\",\"valueRequired\":true,\"valueName\":\"search_term_string\"}}],\"inLanguage\":\"es\"},{\"@type\":\"Organization\",\"@id\":\"https:\/\/www.lisbonbestapartments.com\/#organization\",\"name\":\"Lisbon Best Apartments\",\"url\":\"https:\/\/www.lisbonbestapartments.com\/\",\"logo\":{\"@type\":\"ImageObject\",\"inLanguage\":\"es\",\"@id\":\"https:\/\/www.lisbonbestapartments.com\/#\/schema\/logo\/image\/\",\"url\":\"https:\/\/lisbonbestapartments.com\/wp-content\/uploads\/2023\/11\/seologo.png\",\"contentUrl\":\"https:\/\/lisbonbestapartments.com\/wp-content\/uploads\/2023\/11\/seologo.png\",\"width\":287,\"height\":117,\"caption\":\"Lisbon Best Apartments\"},\"image\":{\"@id\":\"https:\/\/www.lisbonbestapartments.com\/#\/schema\/logo\/image\/\"},\"sameAs\":[\"https:\/\/www.facebook.com\/lisbonbestapartments\",\"https:\/\/www.instagram.com\/lisbon_best_apartments\/\"]}]}<\/script>","yoast_head_json":{"title":"Qu\u00e9 hacer en Lisboa | Lisbon Best Apartments","description":"Lisbon Best Apartments le desea un viaje inolvidable en esta fant\u00e1stica ciudad. Descubra la ciudad viviendo la vida al m\u00e1ximo en Lisboa.","robots":{"index":"index","follow":"follow","max-snippet":"max-snippet:-1","max-image-preview":"max-image-preview:large","max-video-preview":"max-video-preview:-1"},"canonical":"https:\/\/www.lisbonbestapartments.com\/es\/que-hacer-en-lisboa\/","og_locale":"es_ES","og_type":"article","og_title":"Qu\u00e9 hacer en Lisboa | Lisbon Best Apartments","og_description":"Lisbon Best Apartments le desea un viaje inolvidable en esta fant\u00e1stica ciudad. Descubra la ciudad viviendo la vida al m\u00e1ximo en Lisboa.","og_url":"https:\/\/www.lisbonbestapartments.com\/es\/que-hacer-en-lisboa\/","og_site_name":"LBA","article_publisher":"https:\/\/www.facebook.com\/lisbonbestapartments","article_modified_time":"2024-05-02T12:40:26+00:00","og_image":[{"width":1711,"height":1140,"url":"https:\/\/www.lisbonbestapartments.com\/wp-content\/uploads\/2023\/11\/lba-chiado-square-1.jpg","type":"image\/jpeg"}],"twitter_card":"summary_large_image","schema":{"@context":"https:\/\/schema.org","@graph":[{"@type":"WebPage","@id":"https:\/\/www.lisbonbestapartments.com\/es\/que-hacer-en-lisboa\/","url":"https:\/\/www.lisbonbestapartments.com\/es\/que-hacer-en-lisboa\/","name":"Qu\u00e9 hacer en Lisboa | Lisbon Best Apartments","isPartOf":{"@id":"https:\/\/www.lisbonbestapartments.com\/#website"},"primaryImageOfPage":{"@id":"https:\/\/www.lisbonbestapartments.com\/es\/que-hacer-en-lisboa\/#primaryimage"},"image":{"@id":"https:\/\/www.lisbonbestapartments.com\/es\/que-hacer-en-lisboa\/#primaryimage"},"thumbnailUrl":"https:\/\/www.lisbonbestapartments.com\/wp-content\/uploads\/2023\/11\/lba-chiado-square-1.jpg","datePublished":"2023-11-01T17:12:22+00:00","dateModified":"2024-05-02T12:40:26+00:00","description":"Lisbon Best Apartments le desea un viaje inolvidable en esta fant\u00e1stica ciudad. Descubra la ciudad viviendo la vida al m\u00e1ximo en Lisboa.","breadcrumb":{"@id":"https:\/\/www.lisbonbestapartments.com\/es\/que-hacer-en-lisboa\/#breadcrumb"},"inLanguage":"es","potentialAction":[{"@type":"ReadAction","target":["https:\/\/www.lisbonbestapartments.com\/es\/que-hacer-en-lisboa\/"]}]},{"@type":"ImageObject","inLanguage":"es","@id":"https:\/\/www.lisbonbestapartments.com\/es\/que-hacer-en-lisboa\/#primaryimage","url":"https:\/\/www.lisbonbestapartments.com\/wp-content\/uploads\/2023\/11\/lba-chiado-square-1.jpg","contentUrl":"https:\/\/www.lisbonbestapartments.com\/wp-content\/uploads\/2023\/11\/lba-chiado-square-1.jpg","width":1711,"height":1140},{"@type":"BreadcrumbList","@id":"https:\/\/www.lisbonbestapartments.com\/es\/que-hacer-en-lisboa\/#breadcrumb","itemListElement":[{"@type":"ListItem","position":1,"name":"Home","item":"https:\/\/www.lisbonbestapartments.com\/es\/"},{"@type":"ListItem","position":2,"name":"Qu\u00e9 hacer en Lisboa"}]},{"@type":"WebSite","@id":"https:\/\/www.lisbonbestapartments.com\/#website","url":"https:\/\/www.lisbonbestapartments.com\/","name":"Lisbon Best Apartments","description":"LBA","publisher":{"@id":"https:\/\/www.lisbonbestapartments.com\/#organization"},"potentialAction":[{"@type":"SearchAction","target":{"@type":"EntryPoint","urlTemplate":"https:\/\/www.lisbonbestapartments.com\/?s={search_term_string}"},"query-input":{"@type":"PropertyValueSpecification","valueRequired":true,"valueName":"search_term_string"}}],"inLanguage":"es"},{"@type":"Organization","@id":"https:\/\/www.lisbonbestapartments.com\/#organization","name":"Lisbon Best Apartments","url":"https:\/\/www.lisbonbestapartments.com\/","logo":{"@type":"ImageObject","inLanguage":"es","@id":"https:\/\/www.lisbonbestapartments.com\/#\/schema\/logo\/image\/","url":"https:\/\/lisbonbestapartments.com\/wp-content\/uploads\/2023\/11\/seologo.png","contentUrl":"https:\/\/lisbonbestapartments.com\/wp-content\/uploads\/2023\/11\/seologo.png","width":287,"height":117,"caption":"Lisbon Best Apartments"},"image":{"@id":"https:\/\/www.lisbonbestapartments.com\/#\/schema\/logo\/image\/"},"sameAs":["https:\/\/www.facebook.com\/lisbonbestapartments","https:\/\/www.instagram.com\/lisbon_best_apartments\/"]}]}},"_links":{"self":[{"href":"https:\/\/www.lisbonbestapartments.com\/es\/wp-json\/wp\/v2\/pages\/4673","targetHints":{"allow":["GET"]}}],"collection":[{"href":"https:\/\/www.lisbonbestapartments.com\/es\/wp-json\/wp\/v2\/pages"}],"about":[{"href":"https:\/\/www.lisbonbestapartments.com\/es\/wp-json\/wp\/v2\/types\/page"}],"author":[{"embeddable":true,"href":"https:\/\/www.lisbonbestapartments.com\/es\/wp-json\/wp\/v2\/users\/1"}],"replies":[{"embeddable":true,"href":"https:\/\/www.lisbonbestapartments.com\/es\/wp-json\/wp\/v2\/comments?post=4673"}],"version-history":[{"count":3,"href":"https:\/\/www.lisbonbestapartments.com\/es\/wp-json\/wp\/v2\/pages\/4673\/revisions"}],"predecessor-version":[{"id":5289,"href":"https:\/\/www.lisbonbestapartments.com\/es\/wp-json\/wp\/v2\/pages\/4673\/revisions\/5289"}],"wp:featuredmedia":[{"embeddable":true,"href":"https:\/\/www.lisbonbestapartments.com\/es\/wp-json\/wp\/v2\/media\/4236"}],"wp:attachment":[{"href":"https:\/\/www.lisbonbestapartments.com\/es\/wp-json\/wp\/v2\/media?parent=4673"}],"curies":[{"name":"wp","href":"https:\/\/api.w.org\/{rel}","templated":true}]}}