{"id":4944,"date":"2023-11-01T20:33:57","date_gmt":"2023-11-01T20:33:57","guid":{"rendered":"https:\/\/www.lisbonbestapartments.com\/frequently-asked-questions\/"},"modified":"2023-11-30T13:51:54","modified_gmt":"2023-11-30T13:51:54","slug":"perguntas-frequentes","status":"publish","type":"page","link":"https:\/\/www.lisbonbestapartments.com\/pt\/perguntas-frequentes\/","title":{"rendered":"Perguntas frequentes"},"content":{"rendered":"<!--themify_builder_content-->\n<div id=\"themify_builder_content-4944\" data-postid=\"4944\" class=\"themify_builder_content themify_builder_content-4944 themify_builder tf_clear\">\n    \t\t\t\t<!-- module_row -->\n\t\t<div  data-css_id=\"jydp382\" data-lazy=\"1\" class=\"module_row themify_builder_row wraphome1 fullheight fullwidth tb_jydp382 tb_first tf_w tf_clearfix\">\n\t\t<div class=\"builder_row_cover tf_abs\"><\/div>\t\t\t<div class=\"row_inner col_align_top tb_col_count_1 tf_box tf_rel\">\n\t\t\t\t\t<div  data-lazy=\"1\" class=\"module_column tb-column col-full tb_o3tc382 first\">\n\t\t\t\t\t\t\t\t\t<div class=\"tb-column-inner tf_box tf_w\">\n\t\t\t\t<!-- module text -->\n<div  class=\"module module-text tb_lygi954 genlink  \" data-lazy=\"1\">\n        <div  class=\"tb_text_wrap\">\n    <h1>FAQ&#8217;S<\/h1>\n<p><a href=\"#findmore\">Saiba mais<\/a><\/p>\n    <\/div>\n<\/div>\n<!-- \/module text -->\t\t\t\t<\/div><!-- .tb-column-inner -->\n\t\t\t\t\t\t<\/div><!-- .module_column -->\n\t\t\t\t\t\t<\/div><!-- .row_inner -->\n\t\t<\/div><!-- .module_row -->\n\t\t\t\t\t\t\t\t<!-- module_row -->\n\t\t<div  data-lazy=\"1\" class=\"module_row themify_builder_row wrapboxsingle tb_6cwo848 tf_w tf_clearfix\">\n\t\t\t\t\t<div class=\"row_inner col_align_top tb_col_count_1 tf_box tf_rel\">\n\t\t\t\t\t<div  data-lazy=\"1\" class=\"module_column tb-column col-full tb_x67o848 first\">\n\t\t\t\t\t\t\t\t\t<div class=\"tb-column-inner tf_box tf_w\">\n\t\t\t\t<!-- module plain text -->\n<div  class=\"module module-plain-text tb_6hl5848 wrapallbookings\" data-lazy=\"1\">\n        <div class=\"tb_text_wrap\">\n\t<div id=\"wrapallbookingsboxsingle\">\n<div class=\"wrapallbookingssearch\">\n<\/div>\n<\/div>\n<div class=\"tb_layout_part_wrap tf_w\"><!--themify_builder_content-->\n    <div  class=\"themify_builder_content themify_builder_content-4838 themify_builder not_editable_builder in_the_loop\" data-postid=\"4838\">\n        \t\t\t\t<!-- module_row -->\n\t\t<div  data-lazy=\"1\" class=\"module_row themify_builder_row tb_jhdk482 tf_w tf_clearfix\">\n\t\t\t\t\t<div class=\"row_inner col_align_top tb_col_count_1 tf_box tf_rel\">\n\t\t\t\t\t<div  data-lazy=\"1\" class=\"module_column tb-column col-full tb_h97y482 first\">\n\t\t\t\t\t\t\t\t\t<div class=\"tb-column-inner tf_box tf_w\">\n\t\t\t\t<!-- module plain text -->\n<div  class=\"module module-plain-text tb_420l922 wrapallbookings\" data-lazy=\"1\">\n        <div class=\"tb_text_wrap\">\n\t<div class=\"wrapmainbookings\">\n<div class=\"allwrapmainbookings\">\n<form action=\"https:\/\/secure.guestcentric.net\/api\/bg\/book.php\" target=\"_blank\" method=\"get\" accept-charset=\"utf-8\">\n<a class=\"close-form\">close<\/a>\n<div id=\"barLabel\" class=\"bar\"><\/div>\n<div class=\"hotels selection\">\n<select id=\"apikey\" name=\"apikey\" class=\"hotelSelection\" aria-label=\"hotelSelection\">\n<option id=\"choose\" name=\"choose\" value=\"\">Escolha um dos im\u00f3veis<\/option>\n<option id=\"option1\" name=\"Chiado Trindade\" value=\"\">Chiado Trindade<\/option>\n<option id=\"option3\" name=\"Chiado Mercy\" value=\"\">Chiado Mercy<\/option>\n<option id=\"option4\" name=\"Chiado Square\" value=\"\">Chiado Square<\/option>\n<option id=\"option5\" name=\"Chiado Cam\u00f5es\" value=\"\">Chiado Cam\u00f5es<\/option>\n<option id=\"option6\" name=\"Marques Best\" value=\"\">Marques Best<\/option>\n<\/select>\n<div id=\"errorMsg\"><\/div>\n<\/div>\n\n<div class=\"line line1\">\n<div class=\"date selection arrival\">\n<input type=\"text\" id=\"startDay\" name=\"startDay\" class=\"datep\" placeholder=\"Check-in\" autocomplete=\"off\" \/>\n<\/div>\n\n<div class=\"date selection departure\">\n<input type=\"text\" id=\"endDay\" name=\"endDay\" class=\"datep\" placeholder=\"Check-out\" autocomplete=\"off\" \/>\n<\/div>\n<\/div>\n\n<div class=\"line line2\">\n<div class=\"adults selection col3\">\n<select id=\"numberAldultsLabel\" name=\"nrAdults\" class=\"adultsSelection\" aria-label=\"adultsSelection\">\n<option value=\"\" selected>H\u00f3spedes &gt; 3 anos<\/option>\n<option value=\"1\">1<\/option>\n<option value=\"2\">2<\/option>\n<option value=\"3\">3<\/option>\n<option value=\"4\">4<\/option>\n<\/select>\n<\/div>\n<div class=\"children selection col3\">\n<select id=\"numberChildrenLabel\" name=\"nrChildren\" class=\"childrenSelection\" aria-label=\"childrenSelection\">\n<option value=\"\" selected>B\u00e9b\u00e9s &lt; 3 anos<\/option>\n<option value=\"0\">0<\/option>\n<option value=\"1\">1<\/option>\n<option value=\"2\">2<\/option>\n<\/select>\n<\/div>\n<div class=\"rooms selection col3\">\n<select id=\"amountSelection\" name=\"nrAmount\" class=\"amountSelection\" aria-label=\"amountSelection\">\n<option value=\"\" selected>Quantidade<\/option>\n<option value=\"1\">1<\/option>\n<\/select>\n<\/div>\n<\/div>\n<input type=\"hidden\" name=\"nrNights\" id=\"num_nights\">\n<div class=\"book\"><button id=\"checkAvailability\"><\/button><\/div>\n<\/form>\n<\/div>\n<\/div>    <\/div>\n<\/div>\n<!-- \/module plain text -->\t\t\t\t<\/div><!-- .tb-column-inner -->\n\t\t\t\t\t\t<\/div><!-- .module_column -->\n\t\t\t\t\t\t<\/div><!-- .row_inner -->\n\t\t<\/div><!-- .module_row -->\n\t\t\t\t    <\/div>\n<!--\/themify_builder_content--><\/div>\n    <\/div>\n<\/div>\n<!-- \/module plain text -->\t\t\t\t<\/div><!-- .tb-column-inner -->\n\t\t\t\t\t\t<\/div><!-- .module_column -->\n\t\t\t\t\t\t<\/div><!-- .row_inner -->\n\t\t<\/div><!-- .module_row -->\n\t\t\t\t\t\t\t\t<!-- module_row -->\n\t\t<div  data-anchor=\"findmore\" data-hide-anchor=\"1\" data-lazy=\"1\" class=\"module_row themify_builder_row wraphome2 tb_has_section tb_section-findmore tb_cs3i746 tf_w tf_clearfix\">\n\t\t\t\t\t<div class=\"row_inner col_align_top tb_col_count_1 tf_box tf_rel\">\n\t\t\t\t\t<div  data-lazy=\"1\" class=\"module_column tb-column col-full tb_wpds746 first\">\n\t\t\t\t\t\t\t\t\t<div class=\"tb-column-inner tf_box tf_w\">\n\t\t\t\t<!-- module text -->\n<div  class=\"module module-text tb_pdzr277 genisformat   wow\" data-tf-animation=\"fadeInDown\" data-lazy=\"1\">\n        <div  class=\"tb_text_wrap\">\n    <h2>FAQ&#8217;S<\/h2>\n<h3>PERGUNTAS FREQUENTES<\/h3>\n    <\/div>\n<\/div>\n<!-- \/module text -->\t\t\t\t<\/div><!-- .tb-column-inner -->\n\t\t\t\t\t\t<\/div><!-- .module_column -->\n\t\t\t\t\t\t<\/div><!-- .row_inner -->\n\t\t<\/div><!-- .module_row -->\n\t\t\t\t\t\t\t\t<!-- module_row -->\n\t\t<div  data-lazy=\"1\" class=\"module_row themify_builder_row tb_wm7r552 tf_w tf_clearfix\">\n\t\t\t\t\t<div class=\"row_inner col_align_top tb_col_count_1 tf_box tf_rel\">\n\t\t\t\t\t<div  data-lazy=\"1\" class=\"module_column tb-column col-full tb_7tyg552 first\">\n\t\t\t\t\t\t\t\t\t<div class=\"tb-column-inner tf_box tf_w\">\n\t\t\t\t<!-- module accordion -->\n<div  class=\"module module-accordion tb_fahu85 isfaqpage\" data-behavior=\"toggle\" data-lazy=\"1\">\n    \n    <ul class=\"ui module-accordion plus-icon-button  tb_default_color\">\n\t\t    <li>\n\t\t\t<div class=\"accordion-title tf_rel\">\n\t\t\t\t<a href=\"#acc-fahu85-0\" aria-controls=\"acc-fahu85-0-content\" aria-expanded=\"false\">\n\t\t\t\t\t<i class=\"accordion-icon\"><svg  class=\"tf_fa tf-ti-plus\" aria-hidden=\"true\"><use href=\"#tf-ti-plus\"><\/use><\/svg><\/i>\t\t\t\t\t<i class=\"accordion-active-icon tf_hide\"><svg  class=\"tf_fa tf-ti-minus\" aria-hidden=\"true\"><use href=\"#tf-ti-minus\"><\/use><\/svg><\/i>\t\t\t\t\t<span class=\"tb_title_accordion tf_w\">Como posso contactar o hotel?<\/span>\n\t\t\t\t<\/a>\n\t\t\t<\/div><!-- .accordion-title -->\n\n\t\t\t<div id=\"acc-fahu85-0-content\" data-id=\"acc-fahu85-0\" aria-hidden=\"true\" class=\"accordion-content tf_hide tf_clearfix\">\n\n\t\t\t\t\t\t\t\t\t<div\t\t\t\t\t\tclass=\"tb_text_wrap\"\n\t\t\t\t\t\t>\n\t\t\t\t\t\t<p>Pode contactar-nos por telefone ou por email, atrav\u00e9s de +351 213 108 904 (chamada para rede fixa nacional) ou <a href=\"mailto:reservations@lisbonbestapartments.com\">reservations@lisbonbestapartments.com<\/a>.<\/p>\n\t\t\t\t\t<\/div>\n\t\t\t\t\n\t\t\t<\/div><!-- .accordion-content -->\n\t    <\/li>\n\t\t    <li>\n\t\t\t<div class=\"accordion-title tf_rel\">\n\t\t\t\t<a href=\"#acc-fahu85-1\" aria-controls=\"acc-fahu85-1-content\" aria-expanded=\"false\">\n\t\t\t\t\t<i class=\"accordion-icon\"><svg  class=\"tf_fa tf-ti-plus\" aria-hidden=\"true\"><use href=\"#tf-ti-plus\"><\/use><\/svg><\/i>\t\t\t\t\t<i class=\"accordion-active-icon tf_hide\"><svg  class=\"tf_fa tf-ti-minus\" aria-hidden=\"true\"><use href=\"#tf-ti-minus\"><\/use><\/svg><\/i>\t\t\t\t\t<span class=\"tb_title_accordion tf_w\">Quais os hor\u00e1rios de check-in e check-out do hotel?<\/span>\n\t\t\t\t<\/a>\n\t\t\t<\/div><!-- .accordion-title -->\n\n\t\t\t<div id=\"acc-fahu85-1-content\" data-id=\"acc-fahu85-1\" aria-hidden=\"true\" class=\"accordion-content tf_hide tf_clearfix\">\n\n\t\t\t\t\t\t\t\t\t<div\t\t\t\t\t\tclass=\"tb_text_wrap\"\n\t\t\t\t\t\t>\n\t\t\t\t\t\t<p>O check-in pode ser realizado a partir das 15h00 e o check-out at\u00e9 \u00e0s 12h00.<br \/>\nEarly check-in ou Late check-out s\u00e3o sujeitos a disponibilidade e confirma\u00e7\u00e3o.<\/p>\n\t\t\t\t\t<\/div>\n\t\t\t\t\n\t\t\t<\/div><!-- .accordion-content -->\n\t    <\/li>\n\t\t    <li>\n\t\t\t<div class=\"accordion-title tf_rel\">\n\t\t\t\t<a href=\"#acc-fahu85-2\" aria-controls=\"acc-fahu85-2-content\" aria-expanded=\"false\">\n\t\t\t\t\t<i class=\"accordion-icon\"><svg  class=\"tf_fa tf-ti-plus\" aria-hidden=\"true\"><use href=\"#tf-ti-plus\"><\/use><\/svg><\/i>\t\t\t\t\t<i class=\"accordion-active-icon tf_hide\"><svg  class=\"tf_fa tf-ti-minus\" aria-hidden=\"true\"><use href=\"#tf-ti-minus\"><\/use><\/svg><\/i>\t\t\t\t\t<span class=\"tb_title_accordion tf_w\">Quais os cart\u00f5es de cr\u00e9dito aceites?<\/span>\n\t\t\t\t<\/a>\n\t\t\t<\/div><!-- .accordion-title -->\n\n\t\t\t<div id=\"acc-fahu85-2-content\" data-id=\"acc-fahu85-2\" aria-hidden=\"true\" class=\"accordion-content tf_hide tf_clearfix\">\n\n\t\t\t\t\t\t\t\t\t<div\t\t\t\t\t\tclass=\"tb_text_wrap\"\n\t\t\t\t\t\t>\n\t\t\t\t\t\t<p>Os cart\u00f5es aceites s\u00e3o Visa, Master Card, Maestro e American Express.<\/p>\n\t\t\t\t\t<\/div>\n\t\t\t\t\n\t\t\t<\/div><!-- .accordion-content -->\n\t    <\/li>\n\t\t    <li>\n\t\t\t<div class=\"accordion-title tf_rel\">\n\t\t\t\t<a href=\"#acc-fahu85-3\" aria-controls=\"acc-fahu85-3-content\" aria-expanded=\"false\">\n\t\t\t\t\t<i class=\"accordion-icon\"><svg  class=\"tf_fa tf-ti-plus\" aria-hidden=\"true\"><use href=\"#tf-ti-plus\"><\/use><\/svg><\/i>\t\t\t\t\t<i class=\"accordion-active-icon tf_hide\"><svg  class=\"tf_fa tf-ti-minus\" aria-hidden=\"true\"><use href=\"#tf-ti-minus\"><\/use><\/svg><\/i>\t\t\t\t\t<span class=\"tb_title_accordion tf_w\">A propriedades disp\u00f5e de estacionamento para h\u00f3spedes?<\/span>\n\t\t\t\t<\/a>\n\t\t\t<\/div><!-- .accordion-title -->\n\n\t\t\t<div id=\"acc-fahu85-3-content\" data-id=\"acc-fahu85-3\" aria-hidden=\"true\" class=\"accordion-content tf_hide tf_clearfix\">\n\n\t\t\t\t\t\t\t\t\t<div\t\t\t\t\t\tclass=\"tb_text_wrap\"\n\t\t\t\t\t\t>\n\t\t\t\t\t\t<p>Sim, o hotel disp\u00f5e de parque de estacionamento (garagem) gratuito para h\u00f3spedes. O estacionamento est\u00e1 muito pr\u00f3ximo das nossas propriedades e nalguns casos, no pr\u00f3prio edif\u00edcio.<\/p>\n\t\t\t\t\t<\/div>\n\t\t\t\t\n\t\t\t<\/div><!-- .accordion-content -->\n\t    <\/li>\n\t    <\/ul>\n\n<\/div><!-- \/module accordion -->\t\t\t\t<\/div><!-- .tb-column-inner -->\n\t\t\t\t\t\t<\/div><!-- .module_column -->\n\t\t\t\t\t\t<\/div><!-- .row_inner -->\n\t\t<\/div><!-- .module_row -->\n\t\t\t\t<\/div>\n<!--\/themify_builder_content-->","protected":false},"excerpt":{"rendered":"<p>FAQ&#8217;S Saiba mais FAQ&#8217;S PERGUNTAS FREQUENTES Como posso contactar o hotel? Pode contactar-nos por telefone ou por email, atrav\u00e9s de +351 213 108 904 (chamada para rede fixa nacional) ou reservations@lisbonbestapartments.com. Quais os hor\u00e1rios de check-in e check-out do hotel? O check-in pode ser realizado a partir das 15h00 e o check-out at\u00e9 \u00e0s 12h00. [&hellip;]<\/p>\n","protected":false},"author":1,"featured_media":4945,"parent":0,"menu_order":12,"comment_status":"closed","ping_status":"closed","template":"","meta":{"inline_featured_image":false,"footnotes":""},"class_list":["post-4944","page","type-page","status-publish","has-post-thumbnail","hentry","has-post-title","has-post-date","has-post-category","has-post-tag","has-post-comment","has-post-author",""],"yoast_head":"<title>Perguntas frequentes | Lisbon Best Apartments<\/title>\n<meta name=\"description\" content=\"Perguntas frequentes, informa\u00e7\u00f5es \u00fateis. Contacte-nos para mais informa\u00e7\u00f5es.\" \/>\n<meta name=\"robots\" content=\"index, follow, max-snippet:-1, max-image-preview:large, max-video-preview:-1\" \/>\n<link rel=\"canonical\" href=\"https:\/\/www.lisbonbestapartments.com\/pt\/perguntas-frequentes\/\" \/>\n<meta property=\"og:locale\" content=\"pt_PT\" \/>\n<meta property=\"og:type\" content=\"article\" \/>\n<meta property=\"og:title\" content=\"Perguntas frequentes | Lisbon Best Apartments\" \/>\n<meta property=\"og:description\" content=\"Perguntas frequentes, informa\u00e7\u00f5es \u00fateis. Contacte-nos para mais informa\u00e7\u00f5es.\" \/>\n<meta property=\"og:url\" content=\"https:\/\/www.lisbonbestapartments.com\/pt\/perguntas-frequentes\/\" \/>\n<meta property=\"og:site_name\" content=\"LBA\" \/>\n<meta property=\"article:publisher\" content=\"https:\/\/www.facebook.com\/lisbonbestapartments\" \/>\n<meta property=\"article:modified_time\" content=\"2023-11-30T13:51:54+00:00\" \/>\n<meta property=\"og:image\" content=\"https:\/\/www.lisbonbestapartments.com\/wp-content\/uploads\/2023\/11\/lba-chiado-square-2.jpg\" \/>\n\t<meta property=\"og:image:width\" content=\"1711\" \/>\n\t<meta property=\"og:image:height\" content=\"1140\" \/>\n\t<meta property=\"og:image:type\" content=\"image\/jpeg\" \/>\n<meta name=\"twitter:card\" content=\"summary_large_image\" \/>\n<script type=\"application\/ld+json\" class=\"yoast-schema-graph\">{\"@context\":\"https:\/\/schema.org\",\"@graph\":[{\"@type\":\"WebPage\",\"@id\":\"https:\/\/www.lisbonbestapartments.com\/pt\/perguntas-frequentes\/\",\"url\":\"https:\/\/www.lisbonbestapartments.com\/pt\/perguntas-frequentes\/\",\"name\":\"Perguntas frequentes | Lisbon Best Apartments\",\"isPartOf\":{\"@id\":\"https:\/\/www.lisbonbestapartments.com\/#website\"},\"primaryImageOfPage\":{\"@id\":\"https:\/\/www.lisbonbestapartments.com\/pt\/perguntas-frequentes\/#primaryimage\"},\"image\":{\"@id\":\"https:\/\/www.lisbonbestapartments.com\/pt\/perguntas-frequentes\/#primaryimage\"},\"thumbnailUrl\":\"https:\/\/www.lisbonbestapartments.com\/wp-content\/uploads\/2023\/11\/lba-chiado-square-2.jpg\",\"datePublished\":\"2023-11-01T20:33:57+00:00\",\"dateModified\":\"2023-11-30T13:51:54+00:00\",\"description\":\"Perguntas frequentes, informa\u00e7\u00f5es \u00fateis. Contacte-nos para mais informa\u00e7\u00f5es.\",\"breadcrumb\":{\"@id\":\"https:\/\/www.lisbonbestapartments.com\/pt\/perguntas-frequentes\/#breadcrumb\"},\"inLanguage\":\"pt\",\"potentialAction\":[{\"@type\":\"ReadAction\",\"target\":[\"https:\/\/www.lisbonbestapartments.com\/pt\/perguntas-frequentes\/\"]}]},{\"@type\":\"ImageObject\",\"inLanguage\":\"pt\",\"@id\":\"https:\/\/www.lisbonbestapartments.com\/pt\/perguntas-frequentes\/#primaryimage\",\"url\":\"https:\/\/www.lisbonbestapartments.com\/wp-content\/uploads\/2023\/11\/lba-chiado-square-2.jpg\",\"contentUrl\":\"https:\/\/www.lisbonbestapartments.com\/wp-content\/uploads\/2023\/11\/lba-chiado-square-2.jpg\",\"width\":1711,\"height\":1140},{\"@type\":\"BreadcrumbList\",\"@id\":\"https:\/\/www.lisbonbestapartments.com\/pt\/perguntas-frequentes\/#breadcrumb\",\"itemListElement\":[{\"@type\":\"ListItem\",\"position\":1,\"name\":\"Home\",\"item\":\"https:\/\/www.lisbonbestapartments.com\/pt\/\"},{\"@type\":\"ListItem\",\"position\":2,\"name\":\"Perguntas frequentes\"}]},{\"@type\":\"WebSite\",\"@id\":\"https:\/\/www.lisbonbestapartments.com\/#website\",\"url\":\"https:\/\/www.lisbonbestapartments.com\/\",\"name\":\"Lisbon Best Apartments\",\"description\":\"LBA\",\"publisher\":{\"@id\":\"https:\/\/www.lisbonbestapartments.com\/#organization\"},\"potentialAction\":[{\"@type\":\"SearchAction\",\"target\":{\"@type\":\"EntryPoint\",\"urlTemplate\":\"https:\/\/www.lisbonbestapartments.com\/?s={search_term_string}\"},\"query-input\":{\"@type\":\"PropertyValueSpecification\",\"valueRequired\":true,\"valueName\":\"search_term_string\"}}],\"inLanguage\":\"pt\"},{\"@type\":\"Organization\",\"@id\":\"https:\/\/www.lisbonbestapartments.com\/#organization\",\"name\":\"Lisbon Best Apartments\",\"url\":\"https:\/\/www.lisbonbestapartments.com\/\",\"logo\":{\"@type\":\"ImageObject\",\"inLanguage\":\"pt\",\"@id\":\"https:\/\/www.lisbonbestapartments.com\/#\/schema\/logo\/image\/\",\"url\":\"https:\/\/lisbonbestapartments.com\/wp-content\/uploads\/2023\/11\/seologo.png\",\"contentUrl\":\"https:\/\/lisbonbestapartments.com\/wp-content\/uploads\/2023\/11\/seologo.png\",\"width\":287,\"height\":117,\"caption\":\"Lisbon Best Apartments\"},\"image\":{\"@id\":\"https:\/\/www.lisbonbestapartments.com\/#\/schema\/logo\/image\/\"},\"sameAs\":[\"https:\/\/www.facebook.com\/lisbonbestapartments\",\"https:\/\/www.instagram.com\/lisbon_best_apartments\/\"]}]}<\/script>","yoast_head_json":{"title":"Perguntas frequentes | Lisbon Best Apartments","description":"Perguntas frequentes, informa\u00e7\u00f5es \u00fateis. Contacte-nos para mais informa\u00e7\u00f5es.","robots":{"index":"index","follow":"follow","max-snippet":"max-snippet:-1","max-image-preview":"max-image-preview:large","max-video-preview":"max-video-preview:-1"},"canonical":"https:\/\/www.lisbonbestapartments.com\/pt\/perguntas-frequentes\/","og_locale":"pt_PT","og_type":"article","og_title":"Perguntas frequentes | Lisbon Best Apartments","og_description":"Perguntas frequentes, informa\u00e7\u00f5es \u00fateis. Contacte-nos para mais informa\u00e7\u00f5es.","og_url":"https:\/\/www.lisbonbestapartments.com\/pt\/perguntas-frequentes\/","og_site_name":"LBA","article_publisher":"https:\/\/www.facebook.com\/lisbonbestapartments","article_modified_time":"2023-11-30T13:51:54+00:00","og_image":[{"width":1711,"height":1140,"url":"https:\/\/www.lisbonbestapartments.com\/wp-content\/uploads\/2023\/11\/lba-chiado-square-2.jpg","type":"image\/jpeg"}],"twitter_card":"summary_large_image","schema":{"@context":"https:\/\/schema.org","@graph":[{"@type":"WebPage","@id":"https:\/\/www.lisbonbestapartments.com\/pt\/perguntas-frequentes\/","url":"https:\/\/www.lisbonbestapartments.com\/pt\/perguntas-frequentes\/","name":"Perguntas frequentes | Lisbon Best Apartments","isPartOf":{"@id":"https:\/\/www.lisbonbestapartments.com\/#website"},"primaryImageOfPage":{"@id":"https:\/\/www.lisbonbestapartments.com\/pt\/perguntas-frequentes\/#primaryimage"},"image":{"@id":"https:\/\/www.lisbonbestapartments.com\/pt\/perguntas-frequentes\/#primaryimage"},"thumbnailUrl":"https:\/\/www.lisbonbestapartments.com\/wp-content\/uploads\/2023\/11\/lba-chiado-square-2.jpg","datePublished":"2023-11-01T20:33:57+00:00","dateModified":"2023-11-30T13:51:54+00:00","description":"Perguntas frequentes, informa\u00e7\u00f5es \u00fateis. Contacte-nos para mais informa\u00e7\u00f5es.","breadcrumb":{"@id":"https:\/\/www.lisbonbestapartments.com\/pt\/perguntas-frequentes\/#breadcrumb"},"inLanguage":"pt","potentialAction":[{"@type":"ReadAction","target":["https:\/\/www.lisbonbestapartments.com\/pt\/perguntas-frequentes\/"]}]},{"@type":"ImageObject","inLanguage":"pt","@id":"https:\/\/www.lisbonbestapartments.com\/pt\/perguntas-frequentes\/#primaryimage","url":"https:\/\/www.lisbonbestapartments.com\/wp-content\/uploads\/2023\/11\/lba-chiado-square-2.jpg","contentUrl":"https:\/\/www.lisbonbestapartments.com\/wp-content\/uploads\/2023\/11\/lba-chiado-square-2.jpg","width":1711,"height":1140},{"@type":"BreadcrumbList","@id":"https:\/\/www.lisbonbestapartments.com\/pt\/perguntas-frequentes\/#breadcrumb","itemListElement":[{"@type":"ListItem","position":1,"name":"Home","item":"https:\/\/www.lisbonbestapartments.com\/pt\/"},{"@type":"ListItem","position":2,"name":"Perguntas frequentes"}]},{"@type":"WebSite","@id":"https:\/\/www.lisbonbestapartments.com\/#website","url":"https:\/\/www.lisbonbestapartments.com\/","name":"Lisbon Best Apartments","description":"LBA","publisher":{"@id":"https:\/\/www.lisbonbestapartments.com\/#organization"},"potentialAction":[{"@type":"SearchAction","target":{"@type":"EntryPoint","urlTemplate":"https:\/\/www.lisbonbestapartments.com\/?s={search_term_string}"},"query-input":{"@type":"PropertyValueSpecification","valueRequired":true,"valueName":"search_term_string"}}],"inLanguage":"pt"},{"@type":"Organization","@id":"https:\/\/www.lisbonbestapartments.com\/#organization","name":"Lisbon Best Apartments","url":"https:\/\/www.lisbonbestapartments.com\/","logo":{"@type":"ImageObject","inLanguage":"pt","@id":"https:\/\/www.lisbonbestapartments.com\/#\/schema\/logo\/image\/","url":"https:\/\/lisbonbestapartments.com\/wp-content\/uploads\/2023\/11\/seologo.png","contentUrl":"https:\/\/lisbonbestapartments.com\/wp-content\/uploads\/2023\/11\/seologo.png","width":287,"height":117,"caption":"Lisbon Best Apartments"},"image":{"@id":"https:\/\/www.lisbonbestapartments.com\/#\/schema\/logo\/image\/"},"sameAs":["https:\/\/www.facebook.com\/lisbonbestapartments","https:\/\/www.instagram.com\/lisbon_best_apartments\/"]}]}},"_links":{"self":[{"href":"https:\/\/www.lisbonbestapartments.com\/pt\/wp-json\/wp\/v2\/pages\/4944","targetHints":{"allow":["GET"]}}],"collection":[{"href":"https:\/\/www.lisbonbestapartments.com\/pt\/wp-json\/wp\/v2\/pages"}],"about":[{"href":"https:\/\/www.lisbonbestapartments.com\/pt\/wp-json\/wp\/v2\/types\/page"}],"author":[{"embeddable":true,"href":"https:\/\/www.lisbonbestapartments.com\/pt\/wp-json\/wp\/v2\/users\/1"}],"replies":[{"embeddable":true,"href":"https:\/\/www.lisbonbestapartments.com\/pt\/wp-json\/wp\/v2\/comments?post=4944"}],"version-history":[{"count":0,"href":"https:\/\/www.lisbonbestapartments.com\/pt\/wp-json\/wp\/v2\/pages\/4944\/revisions"}],"wp:featuredmedia":[{"embeddable":true,"href":"https:\/\/www.lisbonbestapartments.com\/pt\/wp-json\/wp\/v2\/media\/4945"}],"wp:attachment":[{"href":"https:\/\/www.lisbonbestapartments.com\/pt\/wp-json\/wp\/v2\/media?parent=4944"}],"curies":[{"name":"wp","href":"https:\/\/api.w.org\/{rel}","templated":true}]}}