{"id":4950,"date":"2023-11-01T20:41:45","date_gmt":"2023-11-01T20:41:45","guid":{"rendered":"https:\/\/www.lisbonbestapartments.com\/privacy-and-cookies-policies\/"},"modified":"2023-11-30T13:53:49","modified_gmt":"2023-11-30T13:53:49","slug":"politica-de-privacidade-e-politicas-de-cookies","status":"publish","type":"page","link":"https:\/\/www.lisbonbestapartments.com\/pt\/politica-de-privacidade-e-politicas-de-cookies\/","title":{"rendered":"Pol\u00edtica de Privacidade e Pol\u00edticas de Cookies"},"content":{"rendered":"<!--themify_builder_content-->\n<div id=\"themify_builder_content-4950\" data-postid=\"4950\" class=\"themify_builder_content themify_builder_content-4950 themify_builder tf_clear\">\n    \t\t\t\t<!-- module_row -->\n\t\t<div  data-css_id=\"jydp382\" data-lazy=\"1\" class=\"module_row themify_builder_row wraphome1 fullheight fullwidth tb_jydp382 tb_first tf_w tf_clearfix\">\n\t\t<div class=\"builder_row_cover tf_abs\"><\/div>\t\t\t<div class=\"row_inner col_align_top tb_col_count_1 tf_box tf_rel\">\n\t\t\t\t\t<div  data-lazy=\"1\" class=\"module_column tb-column col-full tb_o3tc382 first\">\n\t\t\t\t\t\t\t\t\t<div class=\"tb-column-inner tf_box tf_w\">\n\t\t\t\t<!-- module text -->\n<div  class=\"module module-text tb_lygi954 genlink  \" data-lazy=\"1\">\n        <div  class=\"tb_text_wrap\">\n    <h1>Pol\u00edtica de Privacidade e Pol\u00edticas de Cookies<\/h1>\n<p><a href=\"#findmore\">Saiba mais<\/a><\/p>\n    <\/div>\n<\/div>\n<!-- \/module text -->\t\t\t\t<\/div><!-- .tb-column-inner -->\n\t\t\t\t\t\t<\/div><!-- .module_column -->\n\t\t\t\t\t\t<\/div><!-- .row_inner -->\n\t\t<\/div><!-- .module_row -->\n\t\t\t\t\t\t\t\t<!-- module_row -->\n\t\t<div  data-lazy=\"1\" class=\"module_row themify_builder_row wrapboxsingle tb_p1lg496 tf_w tf_clearfix\">\n\t\t\t\t\t<div class=\"row_inner col_align_top tb_col_count_1 tf_box tf_rel\">\n\t\t\t\t\t<div  data-lazy=\"1\" class=\"module_column tb-column col-full tb_vyk8496 first\">\n\t\t\t\t\t\t\t\t\t<div class=\"tb-column-inner tf_box tf_w\">\n\t\t\t\t<!-- module plain text -->\n<div  class=\"module module-plain-text tb_0g92496 wrapallbookings\" data-lazy=\"1\">\n        <div class=\"tb_text_wrap\">\n\t<div id=\"wrapallbookingsboxsingle\">\n<div class=\"wrapallbookingssearch\">\n<\/div>\n<\/div>\n<div class=\"tb_layout_part_wrap tf_w\"><!--themify_builder_content-->\n    <div  class=\"themify_builder_content themify_builder_content-4838 themify_builder not_editable_builder in_the_loop\" data-postid=\"4838\">\n        \t\t\t\t<!-- module_row -->\n\t\t<div  data-lazy=\"1\" class=\"module_row themify_builder_row tb_jhdk482 tf_w tf_clearfix\">\n\t\t\t\t\t<div class=\"row_inner col_align_top tb_col_count_1 tf_box tf_rel\">\n\t\t\t\t\t<div  data-lazy=\"1\" class=\"module_column tb-column col-full tb_h97y482 first\">\n\t\t\t\t\t\t\t\t\t<div class=\"tb-column-inner tf_box tf_w\">\n\t\t\t\t<!-- module plain text -->\n<div  class=\"module module-plain-text tb_420l922 wrapallbookings\" data-lazy=\"1\">\n        <div class=\"tb_text_wrap\">\n\t<div class=\"wrapmainbookings\">\n<div class=\"allwrapmainbookings\">\n<form action=\"https:\/\/secure.guestcentric.net\/api\/bg\/book.php\" target=\"_blank\" method=\"get\" accept-charset=\"utf-8\">\n<a class=\"close-form\">close<\/a>\n<div id=\"barLabel\" class=\"bar\"><\/div>\n<div class=\"hotels selection\">\n<select id=\"apikey\" name=\"apikey\" class=\"hotelSelection\" aria-label=\"hotelSelection\">\n<option id=\"choose\" name=\"choose\" value=\"\">Escolha um dos im\u00f3veis<\/option>\n<option id=\"option1\" name=\"Chiado Trindade\" value=\"\">Chiado Trindade<\/option>\n<option id=\"option3\" name=\"Chiado Mercy\" value=\"\">Chiado Mercy<\/option>\n<option id=\"option4\" name=\"Chiado Square\" value=\"\">Chiado Square<\/option>\n<option id=\"option5\" name=\"Chiado Cam\u00f5es\" value=\"\">Chiado Cam\u00f5es<\/option>\n<option id=\"option6\" name=\"Marques Best\" value=\"\">Marques Best<\/option>\n<\/select>\n<div id=\"errorMsg\"><\/div>\n<\/div>\n\n<div class=\"line line1\">\n<div class=\"date selection arrival\">\n<input type=\"text\" id=\"startDay\" name=\"startDay\" class=\"datep\" placeholder=\"Check-in\" autocomplete=\"off\" \/>\n<\/div>\n\n<div class=\"date selection departure\">\n<input type=\"text\" id=\"endDay\" name=\"endDay\" class=\"datep\" placeholder=\"Check-out\" autocomplete=\"off\" \/>\n<\/div>\n<\/div>\n\n<div class=\"line line2\">\n<div class=\"adults selection col3\">\n<select id=\"numberAldultsLabel\" name=\"nrAdults\" class=\"adultsSelection\" aria-label=\"adultsSelection\">\n<option value=\"\" selected>H\u00f3spedes &gt; 3 anos<\/option>\n<option value=\"1\">1<\/option>\n<option value=\"2\">2<\/option>\n<option value=\"3\">3<\/option>\n<option value=\"4\">4<\/option>\n<\/select>\n<\/div>\n<div class=\"children selection col3\">\n<select id=\"numberChildrenLabel\" name=\"nrChildren\" class=\"childrenSelection\" aria-label=\"childrenSelection\">\n<option value=\"\" selected>B\u00e9b\u00e9s &lt; 3 anos<\/option>\n<option value=\"0\">0<\/option>\n<option value=\"1\">1<\/option>\n<option value=\"2\">2<\/option>\n<\/select>\n<\/div>\n<div class=\"rooms selection col3\">\n<select id=\"amountSelection\" name=\"nrAmount\" class=\"amountSelection\" aria-label=\"amountSelection\">\n<option value=\"\" selected>Quantidade<\/option>\n<option value=\"1\">1<\/option>\n<\/select>\n<\/div>\n<\/div>\n<input type=\"hidden\" name=\"nrNights\" id=\"num_nights\">\n<div class=\"book\"><button id=\"checkAvailability\"><\/button><\/div>\n<\/form>\n<\/div>\n<\/div>    <\/div>\n<\/div>\n<!-- \/module plain text -->\t\t\t\t<\/div><!-- .tb-column-inner -->\n\t\t\t\t\t\t<\/div><!-- .module_column -->\n\t\t\t\t\t\t<\/div><!-- .row_inner -->\n\t\t<\/div><!-- .module_row -->\n\t\t\t\t    <\/div>\n<!--\/themify_builder_content--><\/div>\n    <\/div>\n<\/div>\n<!-- \/module plain text -->\t\t\t\t<\/div><!-- .tb-column-inner -->\n\t\t\t\t\t\t<\/div><!-- .module_column -->\n\t\t\t\t\t\t<\/div><!-- .row_inner -->\n\t\t<\/div><!-- .module_row -->\n\t\t\t\t\t\t\t\t<!-- module_row -->\n\t\t<div  data-anchor=\"findmore\" data-hide-anchor=\"1\" data-lazy=\"1\" class=\"module_row themify_builder_row wraphome2 tb_has_section tb_section-findmore tb_cs3i746 tf_w tf_clearfix\">\n\t\t\t\t\t<div class=\"row_inner col_align_top tb_col_count_1 tf_box tf_rel\">\n\t\t\t\t\t<div  data-lazy=\"1\" class=\"module_column tb-column col-full tb_wpds746 first\">\n\t\t\t\t\t\t\t\t\t<div class=\"tb-column-inner tf_box tf_w\">\n\t\t\t\t<!-- module text -->\n<div  class=\"module module-text tb_pdzr277 genisformat   wow\" data-tf-animation=\"fadeInDown\" data-lazy=\"1\">\n        <div  class=\"tb_text_wrap\">\n    <h2>POL\u00cdTICAS<\/h2>\n<h3>POL\u00cdTICAS DE PRIVACIDADE E COOKIES<\/h3>\n    <\/div>\n<\/div>\n<!-- \/module text -->\t\t\t\t<\/div><!-- .tb-column-inner -->\n\t\t\t\t\t\t<\/div><!-- .module_column -->\n\t\t\t\t\t\t<\/div><!-- .row_inner -->\n\t\t<\/div><!-- .module_row -->\n\t\t\t\t\t\t\t\t<!-- module_row -->\n\t\t<div  data-lazy=\"1\" class=\"module_row themify_builder_row tb_dzt6715 tf_w tf_clearfix\">\n\t\t\t\t\t<div class=\"row_inner col_align_top tb_col_count_1 tf_box tf_rel\">\n\t\t\t\t\t<div  data-lazy=\"1\" class=\"module_column tb-column col-full tb_3bba715 first\">\n\t\t\t\t\t\t\t\t\t<div class=\"tb-column-inner tf_box tf_w\">\n\t\t\t\t<!-- module text -->\n<div  class=\"module module-text tb_3j98662 privatxt  \" data-lazy=\"1\">\n        <div  class=\"tb_text_wrap\">\n    <h2>Privacy Policy<\/h2>\n<p>Your privacy is important to us. It is Lisbon Best Apartments&#8217;s policy to respect your privacy regarding any information we may collect from you across our website, Lisbon<br \/>\nBet Apartments, and other sites we own and operate.<\/p>\n<p>We only ask for personal information when we truly need it to provide a service to you. We collect it by fair and lawful means, with your knowledge and consent. We also let<br \/>\nyou know why we\u2019re collecting it and how it will be used.<\/p>\n<p>We only retain collected information for as long as necessary to provide you with your requested service. What data we store, we\u2019ll protect within commercially acceptable<br \/>\nmeans to prevent loss and theft, as well as unauthorised access, disclosure, copying, use or modification.<\/p>\n<p>We don\u2019t share any personally identifying information publicly or with third-parties, except when required to by law.<\/p>\n<p>Our website may link to external sites that are not operated by us. Please be aware that we have no control over the content and practices of these sites, and cannot accept<br \/>\nresponsibility or liability for their respective privacy policies.<\/p>\n<p>You are free to refuse our request for your personal information, with the understanding that we may be unable to provide you with some of your desired services.<\/p>\n<p>Your continued use of our website will be regarded as acceptance of our practices around privacy and personal information. If you have any questions about how we<br \/>\nhandle user data and personal information, feel free to contact us.<\/p>\n<h2>Cookie Policy for Lisbon Best Apartments<\/h2>\n<p>This is the Cookie Policy for Lisbon Bet Apartments, accessible from URL https:\/\/www.lisbonbestapartments.com\/.<\/p>\n<p>What Are Cookies<br \/>\nAs is common practice with almost all professional websites this site uses cookies, which are tiny files that are downloaded to your computer, to improve your experience.<br \/>\nThis page describes what information they gather, how we use it and why we sometimes need to store these cookies. We will also share how you can prevent these cookies<br \/>\nfrom being stored however this may downgrade or break certain elements of the sites functionality.<\/p>\n<p>How We Use Cookies<br \/>\nWe use cookies for a variety of reasons detailed below. Unfortunately in most cases there are no industry standard options for disabling cookies without completely<br \/>\ndisabling the functionality and features they add to this site. It is recommended that you leave on all cookies if you are not sure whether you need them or not in case they<br \/>\nare used to provide a service that you use.<\/p>\n<p>Disabling Cookies<br \/>\nYou can prevent the setting of cookies by adjusting the settings on your browser (see your browser Help for how to do this). Be aware that disabling cookies will affect the<br \/>\nfunctionality of this and many other websites that you visit. Disabling cookies will usually result in also disabling certain functionality and features of this site. Therefore it is<br \/>\nrecommended that you do not disable cookies.<\/p>\n<p>The Cookies We Set<br \/>\nThird Party Cookies<br \/>\nIn some special cases we also use cookies provided by trusted third parties. The following section details which third party cookies you might encounter through this site.<\/p>\n<h2>More information<\/h2>\n<p>Hopefully that has clarified things for you and as was previously mentioned if there is something that you aren&#8217;t sure whether you need or not it&#8217;s usually safer to leave<br \/>\ncookies enabled in case it does interact with one of the features you use on our site.<\/p>\n<p>This policy is effective as of 02 November 2023.<\/p>\n    <\/div>\n<\/div>\n<!-- \/module text -->\t\t\t\t<\/div><!-- .tb-column-inner -->\n\t\t\t\t\t\t<\/div><!-- .module_column -->\n\t\t\t\t\t\t<\/div><!-- .row_inner -->\n\t\t<\/div><!-- .module_row -->\n\t\t\t\t\t\t\t\t<!-- module_row -->\n\t\t<div  data-lazy=\"1\" class=\"module_row themify_builder_row wrapendprivaspacer tb_2vtb276 tf_w tf_clearfix\">\n\t\t\t\t\t<div class=\"row_inner col_align_top tb_col_count_1 tf_box tf_rel\">\n\t\t\t\t\t<div  data-lazy=\"1\" class=\"module_column tb-column col-full tb_7r3q276 first\">\n\t\t\t\t\t\t\t<\/div><!-- .module_column -->\n\t\t\t\t\t\t<\/div><!-- .row_inner -->\n\t\t<\/div><!-- .module_row -->\n\t\t\t\t<\/div>\n<!--\/themify_builder_content-->","protected":false},"excerpt":{"rendered":"<p>Pol\u00edtica de Privacidade e Pol\u00edticas de Cookies Saiba mais POL\u00cdTICAS POL\u00cdTICAS DE PRIVACIDADE E COOKIES Privacy Policy Your privacy is important to us. It is Lisbon Best Apartments&#8217;s policy to respect your privacy regarding any information we may collect from you across our website, Lisbon Bet Apartments, and other sites we own and operate. We [&hellip;]<\/p>\n","protected":false},"author":1,"featured_media":4945,"parent":0,"menu_order":13,"comment_status":"closed","ping_status":"closed","template":"","meta":{"inline_featured_image":false,"footnotes":""},"class_list":["post-4950","page","type-page","status-publish","has-post-thumbnail","hentry","has-post-title","has-post-date","has-post-category","has-post-tag","has-post-comment","has-post-author",""],"yoast_head":"<title>Pol\u00edtica de Privacidade e Pol\u00edticas de Cookies | Lisbon Best Apartments<\/title>\n<meta name=\"description\" content=\"Sua privacidade \u00e9 importante para n\u00f3s. \u00c9 pol\u00edtica do Lisbon Best Apartments respeitar a sua privacidade relativamente a qualquer informa\u00e7\u00e3o...\" \/>\n<meta name=\"robots\" content=\"index, follow, max-snippet:-1, max-image-preview:large, max-video-preview:-1\" \/>\n<link rel=\"canonical\" href=\"https:\/\/www.lisbonbestapartments.com\/pt\/politica-de-privacidade-e-politicas-de-cookies\/\" \/>\n<meta property=\"og:locale\" content=\"pt_PT\" \/>\n<meta property=\"og:type\" content=\"article\" \/>\n<meta property=\"og:title\" content=\"Pol\u00edtica de Privacidade e Pol\u00edticas de Cookies | Lisbon Best Apartments\" \/>\n<meta property=\"og:description\" content=\"Sua privacidade \u00e9 importante para n\u00f3s. \u00c9 pol\u00edtica do Lisbon Best Apartments respeitar a sua privacidade relativamente a qualquer informa\u00e7\u00e3o...\" \/>\n<meta property=\"og:url\" content=\"https:\/\/www.lisbonbestapartments.com\/pt\/politica-de-privacidade-e-politicas-de-cookies\/\" \/>\n<meta property=\"og:site_name\" content=\"LBA\" \/>\n<meta property=\"article:publisher\" content=\"https:\/\/www.facebook.com\/lisbonbestapartments\" \/>\n<meta property=\"article:modified_time\" content=\"2023-11-30T13:53:49+00:00\" \/>\n<meta property=\"og:image\" content=\"https:\/\/www.lisbonbestapartments.com\/wp-content\/uploads\/2023\/11\/lba-chiado-square-2.jpg\" \/>\n\t<meta property=\"og:image:width\" content=\"1711\" \/>\n\t<meta property=\"og:image:height\" content=\"1140\" \/>\n\t<meta property=\"og:image:type\" content=\"image\/jpeg\" \/>\n<meta name=\"twitter:card\" content=\"summary_large_image\" \/>\n<script type=\"application\/ld+json\" class=\"yoast-schema-graph\">{\"@context\":\"https:\/\/schema.org\",\"@graph\":[{\"@type\":\"WebPage\",\"@id\":\"https:\/\/www.lisbonbestapartments.com\/pt\/politica-de-privacidade-e-politicas-de-cookies\/\",\"url\":\"https:\/\/www.lisbonbestapartments.com\/pt\/politica-de-privacidade-e-politicas-de-cookies\/\",\"name\":\"Pol\u00edtica de Privacidade e Pol\u00edticas de Cookies | Lisbon Best Apartments\",\"isPartOf\":{\"@id\":\"https:\/\/www.lisbonbestapartments.com\/#website\"},\"primaryImageOfPage\":{\"@id\":\"https:\/\/www.lisbonbestapartments.com\/pt\/politica-de-privacidade-e-politicas-de-cookies\/#primaryimage\"},\"image\":{\"@id\":\"https:\/\/www.lisbonbestapartments.com\/pt\/politica-de-privacidade-e-politicas-de-cookies\/#primaryimage\"},\"thumbnailUrl\":\"https:\/\/www.lisbonbestapartments.com\/wp-content\/uploads\/2023\/11\/lba-chiado-square-2.jpg\",\"datePublished\":\"2023-11-01T20:41:45+00:00\",\"dateModified\":\"2023-11-30T13:53:49+00:00\",\"description\":\"Sua privacidade \u00e9 importante para n\u00f3s. \u00c9 pol\u00edtica do Lisbon Best Apartments respeitar a sua privacidade relativamente a qualquer informa\u00e7\u00e3o...\",\"breadcrumb\":{\"@id\":\"https:\/\/www.lisbonbestapartments.com\/pt\/politica-de-privacidade-e-politicas-de-cookies\/#breadcrumb\"},\"inLanguage\":\"pt\",\"potentialAction\":[{\"@type\":\"ReadAction\",\"target\":[\"https:\/\/www.lisbonbestapartments.com\/pt\/politica-de-privacidade-e-politicas-de-cookies\/\"]}]},{\"@type\":\"ImageObject\",\"inLanguage\":\"pt\",\"@id\":\"https:\/\/www.lisbonbestapartments.com\/pt\/politica-de-privacidade-e-politicas-de-cookies\/#primaryimage\",\"url\":\"https:\/\/www.lisbonbestapartments.com\/wp-content\/uploads\/2023\/11\/lba-chiado-square-2.jpg\",\"contentUrl\":\"https:\/\/www.lisbonbestapartments.com\/wp-content\/uploads\/2023\/11\/lba-chiado-square-2.jpg\",\"width\":1711,\"height\":1140},{\"@type\":\"BreadcrumbList\",\"@id\":\"https:\/\/www.lisbonbestapartments.com\/pt\/politica-de-privacidade-e-politicas-de-cookies\/#breadcrumb\",\"itemListElement\":[{\"@type\":\"ListItem\",\"position\":1,\"name\":\"Home\",\"item\":\"https:\/\/www.lisbonbestapartments.com\/pt\/\"},{\"@type\":\"ListItem\",\"position\":2,\"name\":\"Pol\u00edtica de Privacidade e Pol\u00edticas de Cookies\"}]},{\"@type\":\"WebSite\",\"@id\":\"https:\/\/www.lisbonbestapartments.com\/#website\",\"url\":\"https:\/\/www.lisbonbestapartments.com\/\",\"name\":\"Lisbon Best Apartments\",\"description\":\"LBA\",\"publisher\":{\"@id\":\"https:\/\/www.lisbonbestapartments.com\/#organization\"},\"potentialAction\":[{\"@type\":\"SearchAction\",\"target\":{\"@type\":\"EntryPoint\",\"urlTemplate\":\"https:\/\/www.lisbonbestapartments.com\/?s={search_term_string}\"},\"query-input\":{\"@type\":\"PropertyValueSpecification\",\"valueRequired\":true,\"valueName\":\"search_term_string\"}}],\"inLanguage\":\"pt\"},{\"@type\":\"Organization\",\"@id\":\"https:\/\/www.lisbonbestapartments.com\/#organization\",\"name\":\"Lisbon Best Apartments\",\"url\":\"https:\/\/www.lisbonbestapartments.com\/\",\"logo\":{\"@type\":\"ImageObject\",\"inLanguage\":\"pt\",\"@id\":\"https:\/\/www.lisbonbestapartments.com\/#\/schema\/logo\/image\/\",\"url\":\"https:\/\/lisbonbestapartments.com\/wp-content\/uploads\/2023\/11\/seologo.png\",\"contentUrl\":\"https:\/\/lisbonbestapartments.com\/wp-content\/uploads\/2023\/11\/seologo.png\",\"width\":287,\"height\":117,\"caption\":\"Lisbon Best Apartments\"},\"image\":{\"@id\":\"https:\/\/www.lisbonbestapartments.com\/#\/schema\/logo\/image\/\"},\"sameAs\":[\"https:\/\/www.facebook.com\/lisbonbestapartments\",\"https:\/\/www.instagram.com\/lisbon_best_apartments\/\"]}]}<\/script>","yoast_head_json":{"title":"Pol\u00edtica de Privacidade e Pol\u00edticas de Cookies | Lisbon Best Apartments","description":"Sua privacidade \u00e9 importante para n\u00f3s. \u00c9 pol\u00edtica do Lisbon Best Apartments respeitar a sua privacidade relativamente a qualquer informa\u00e7\u00e3o...","robots":{"index":"index","follow":"follow","max-snippet":"max-snippet:-1","max-image-preview":"max-image-preview:large","max-video-preview":"max-video-preview:-1"},"canonical":"https:\/\/www.lisbonbestapartments.com\/pt\/politica-de-privacidade-e-politicas-de-cookies\/","og_locale":"pt_PT","og_type":"article","og_title":"Pol\u00edtica de Privacidade e Pol\u00edticas de Cookies | Lisbon Best Apartments","og_description":"Sua privacidade \u00e9 importante para n\u00f3s. \u00c9 pol\u00edtica do Lisbon Best Apartments respeitar a sua privacidade relativamente a qualquer informa\u00e7\u00e3o...","og_url":"https:\/\/www.lisbonbestapartments.com\/pt\/politica-de-privacidade-e-politicas-de-cookies\/","og_site_name":"LBA","article_publisher":"https:\/\/www.facebook.com\/lisbonbestapartments","article_modified_time":"2023-11-30T13:53:49+00:00","og_image":[{"width":1711,"height":1140,"url":"https:\/\/www.lisbonbestapartments.com\/wp-content\/uploads\/2023\/11\/lba-chiado-square-2.jpg","type":"image\/jpeg"}],"twitter_card":"summary_large_image","schema":{"@context":"https:\/\/schema.org","@graph":[{"@type":"WebPage","@id":"https:\/\/www.lisbonbestapartments.com\/pt\/politica-de-privacidade-e-politicas-de-cookies\/","url":"https:\/\/www.lisbonbestapartments.com\/pt\/politica-de-privacidade-e-politicas-de-cookies\/","name":"Pol\u00edtica de Privacidade e Pol\u00edticas de Cookies | Lisbon Best Apartments","isPartOf":{"@id":"https:\/\/www.lisbonbestapartments.com\/#website"},"primaryImageOfPage":{"@id":"https:\/\/www.lisbonbestapartments.com\/pt\/politica-de-privacidade-e-politicas-de-cookies\/#primaryimage"},"image":{"@id":"https:\/\/www.lisbonbestapartments.com\/pt\/politica-de-privacidade-e-politicas-de-cookies\/#primaryimage"},"thumbnailUrl":"https:\/\/www.lisbonbestapartments.com\/wp-content\/uploads\/2023\/11\/lba-chiado-square-2.jpg","datePublished":"2023-11-01T20:41:45+00:00","dateModified":"2023-11-30T13:53:49+00:00","description":"Sua privacidade \u00e9 importante para n\u00f3s. \u00c9 pol\u00edtica do Lisbon Best Apartments respeitar a sua privacidade relativamente a qualquer informa\u00e7\u00e3o...","breadcrumb":{"@id":"https:\/\/www.lisbonbestapartments.com\/pt\/politica-de-privacidade-e-politicas-de-cookies\/#breadcrumb"},"inLanguage":"pt","potentialAction":[{"@type":"ReadAction","target":["https:\/\/www.lisbonbestapartments.com\/pt\/politica-de-privacidade-e-politicas-de-cookies\/"]}]},{"@type":"ImageObject","inLanguage":"pt","@id":"https:\/\/www.lisbonbestapartments.com\/pt\/politica-de-privacidade-e-politicas-de-cookies\/#primaryimage","url":"https:\/\/www.lisbonbestapartments.com\/wp-content\/uploads\/2023\/11\/lba-chiado-square-2.jpg","contentUrl":"https:\/\/www.lisbonbestapartments.com\/wp-content\/uploads\/2023\/11\/lba-chiado-square-2.jpg","width":1711,"height":1140},{"@type":"BreadcrumbList","@id":"https:\/\/www.lisbonbestapartments.com\/pt\/politica-de-privacidade-e-politicas-de-cookies\/#breadcrumb","itemListElement":[{"@type":"ListItem","position":1,"name":"Home","item":"https:\/\/www.lisbonbestapartments.com\/pt\/"},{"@type":"ListItem","position":2,"name":"Pol\u00edtica de Privacidade e Pol\u00edticas de Cookies"}]},{"@type":"WebSite","@id":"https:\/\/www.lisbonbestapartments.com\/#website","url":"https:\/\/www.lisbonbestapartments.com\/","name":"Lisbon Best Apartments","description":"LBA","publisher":{"@id":"https:\/\/www.lisbonbestapartments.com\/#organization"},"potentialAction":[{"@type":"SearchAction","target":{"@type":"EntryPoint","urlTemplate":"https:\/\/www.lisbonbestapartments.com\/?s={search_term_string}"},"query-input":{"@type":"PropertyValueSpecification","valueRequired":true,"valueName":"search_term_string"}}],"inLanguage":"pt"},{"@type":"Organization","@id":"https:\/\/www.lisbonbestapartments.com\/#organization","name":"Lisbon Best Apartments","url":"https:\/\/www.lisbonbestapartments.com\/","logo":{"@type":"ImageObject","inLanguage":"pt","@id":"https:\/\/www.lisbonbestapartments.com\/#\/schema\/logo\/image\/","url":"https:\/\/lisbonbestapartments.com\/wp-content\/uploads\/2023\/11\/seologo.png","contentUrl":"https:\/\/lisbonbestapartments.com\/wp-content\/uploads\/2023\/11\/seologo.png","width":287,"height":117,"caption":"Lisbon Best Apartments"},"image":{"@id":"https:\/\/www.lisbonbestapartments.com\/#\/schema\/logo\/image\/"},"sameAs":["https:\/\/www.facebook.com\/lisbonbestapartments","https:\/\/www.instagram.com\/lisbon_best_apartments\/"]}]}},"_links":{"self":[{"href":"https:\/\/www.lisbonbestapartments.com\/pt\/wp-json\/wp\/v2\/pages\/4950","targetHints":{"allow":["GET"]}}],"collection":[{"href":"https:\/\/www.lisbonbestapartments.com\/pt\/wp-json\/wp\/v2\/pages"}],"about":[{"href":"https:\/\/www.lisbonbestapartments.com\/pt\/wp-json\/wp\/v2\/types\/page"}],"author":[{"embeddable":true,"href":"https:\/\/www.lisbonbestapartments.com\/pt\/wp-json\/wp\/v2\/users\/1"}],"replies":[{"embeddable":true,"href":"https:\/\/www.lisbonbestapartments.com\/pt\/wp-json\/wp\/v2\/comments?post=4950"}],"version-history":[{"count":0,"href":"https:\/\/www.lisbonbestapartments.com\/pt\/wp-json\/wp\/v2\/pages\/4950\/revisions"}],"wp:featuredmedia":[{"embeddable":true,"href":"https:\/\/www.lisbonbestapartments.com\/pt\/wp-json\/wp\/v2\/media\/4945"}],"wp:attachment":[{"href":"https:\/\/www.lisbonbestapartments.com\/pt\/wp-json\/wp\/v2\/media?parent=4950"}],"curies":[{"name":"wp","href":"https:\/\/api.w.org\/{rel}","templated":true}]}}